{"id":1224,"date":"2022-11-03T13:30:32","date_gmt":"2022-11-03T10:00:32","guid":{"rendered":"https:\/\/fixq.ir\/?post_type=product&#038;p=1224"},"modified":"2022-11-23T14:07:13","modified_gmt":"2022-11-23T10:37:13","slug":"iphone-14-pro-max-256-purple-not-active","status":"publish","type":"product","link":"https:\/\/fixq.ir\/?product=iphone-14-pro-max-256-purple-not-active","title":{"rendered":"iPhone 14 pro max 256 purple not active"},"content":{"rendered":"<p>\u0645\u0634\u062e\u0635\u0627\u062a \u06a9\u0644\u06cc<\/p>\n<p>\u062a\u0639\u062f\u0627\u062f \u0633\u06cc\u0645 \u06a9\u0627\u0631\u062a\t\u062f\u0648 \u0633\u06cc\u0645 \u06a9\u0627\u0631\u062a<br \/>\n\u062a\u0648\u0636\u06cc\u062d\u0627\u062a \u0633\u06cc\u0645 \u06a9\u0627\u0631\u062a\t\u0633\u0627\u06cc\u0632 \u0646\u0627\u0646\u0648 (0.67 \u00d7 8.8 \u00d7 12.3 \u0645\u06cc\u0644\u06cc\u0645\u062a\u0631)<br \/>\n\u0633\u0627\u0644 \u062a\u0648\u0644\u06cc\u062f\t2022<br \/>\n\u0631\u0646\u06af \u0628\u0646\u062f\u06cc\t\u0645\u0634\u06a9\u06cc (Space Black)\u060c \u0637\u0644\u0627\u06cc\u06cc (Gold)\u060c \u0628\u0646\u0641\u0634 (Deep Purple)\u060c \u0646\u0642\u0631\u0647 \u0627\u06cc (Silver)<br \/>\n\u0648\u06cc\u0698\u06af\u06cc \u0647\u0627\u06cc \u062e\u0627\u0635\t\u0641\u0628\u0644\u062a\u060c \u062f\u0627\u0631\u0627\u06cc \u062d\u0633\u06af\u0631 \u062a\u0634\u062e\u06cc\u0635 \u0686\u0647\u0631\u0647 (Face ID)\u060c \u0645\u0646\u0627\u0633\u0628 \u0628\u0627\u0632\u06cc\u060c \u0645\u0642\u0627\u0648\u0645 \u062f\u0631 \u0628\u0631\u0627\u0628\u0631 \u0622\u0628\u060c \u062f\u0648\u0631\u0628\u06cc\u0646 \u0627\u0635\u0644\u06cc \u0686\u0647\u0627\u0631\u06af\u0627\u0646\u0647\u060c \u0633\u06cc\u0633\u062a\u0645 \u067e\u0631\u062f\u0627\u062e\u062a \u0622\u0633\u0627\u0646 \u0627\u067e\u0644 (Apple Pay)<br \/>\n\u067e\u0631\u062f\u0627\u0632\u0646\u062f\u0647<\/p>\n<p>\u062a\u0631\u0627\u0634\u0647\tApple A16 Bionic (4 nm)<br \/>\n\u067e\u0631\u062f\u0627\u0632\u0646\u062f\u0647 \u0645\u0631\u06a9\u0632\u06cc\t6 \u0647\u0633\u062a\u0647\u200c\u0627\u06cc (2 \u0647\u0633\u062a\u0647 Avalanche \u0648 4 \u0647\u0633\u062a\u0647 Blizzard)<br \/>\n\u0646\u0648\u0639 \u067e\u0631\u062f\u0627\u0632\u0646\u062f\u0647\t64 \u0628\u06cc\u062a\u06cc<br \/>\n\u0641\u0631\u06a9\u0627\u0646\u0633 \u067e\u0631\u062f\u0627\u0632\u0646\u062f\u0647 \u0645\u0631\u06a9\u0632\u06cc\t2 \u0647\u0633\u062a\u0647 \u0628\u0627 \u0633\u0631\u0639\u062a 3.22 \u06af\u06cc\u06af\u0627\u0647\u0631\u062a\u0632 (Avalanche) \u0648 4 \u0647\u0633\u062a\u0647 (Blizzard)<br \/>\n\u067e\u0631\u062f\u0627\u0632\u0646\u062f\u0647 \u06af\u0631\u0627\u0641\u06cc\u06a9\u06cc\tApple GPU (5 \u0647\u0633\u062a\u0647 \u0627\u06cc)<br \/>\n\u062d\u0627\u0641\u0638\u0647<\/p>\n<p>\u062d\u0627\u0641\u0638\u0647 \u062f\u0627\u062e\u0644\u06cc\t\u06f2\u06f5\u06f6 \u06af\u06cc\u06af\u0627\u0628\u0627\u06cc\u062a<br \/>\n\u062d\u0627\u0641\u0638\u0647 \u0631\u0645 (RAM)\t6 \u06af\u06cc\u06af\u0627\u0628\u0627\u06cc\u062a<br \/>\n\u067e\u0634\u062a\u06cc\u0628\u0627\u0646\u06cc \u0627\u0632 \u06a9\u0627\u0631\u062a \u062d\u0627\u0641\u0638\u0647 \u062c\u0627\u0646\u0628\u06cc<br \/>\n\u062f\u0648\u0631\u0628\u06cc\u0646<\/p>\n<p>\u062f\u0648\u0631\u0628\u06cc\u0646\t\u062f\u0648\u0631\u0628\u06cc\u0646 \u0627\u0635\u0644\u06cc \u0686\u0647\u0627\u0631\u06af\u0627\u0646\u0647<br \/>\n\u06a9\u06cc\u0641\u06cc\u062a \u062f\u0648\u0631\u0628\u06cc\u0646\t12 + 12 + 48 \u0645\u06af\u0627\u067e\u06cc\u06a9\u0633\u0644 + TOF 3D LiDAR<br \/>\n\u0641\u0646\u0627\u0648\u0631\u06cc \u0641\u0648\u06a9\u0648\u0633\t\u0641\u0648\u06a9\u0648\u0633 \u062e\u0648\u062f\u06a9\u0627\u0631 \u062a\u0634\u062e\u06cc\u0635 \u0641\u0627\u0632 \u062f\u0648\u06af\u0627\u0646\u0647 (Dual Pixel PDAF)<br \/>\n\u0641\u0644\u0634\tLED \u062f\u0648\u06af\u0627\u0646\u0647 \/ Dual-Tone<br \/>\n\u062f\u06cc\u0627\u0641\u0631\u0627\u06af\u0645\t\u062f\u0648\u0631\u0628\u06cc\u0646 \u0627\u0648\u0644 48 \u0645\u06af\u0627\u067e\u06cc\u06a9\u0633\u0644 \u0628\u0627 \u062f\u0631\u06cc\u0686\u0647 \u062f\u06cc\u0627\u0641\u0631\u0627\u06af\u0645 f\/1.8\u060c \u0641\u0627\u0635\u0644\u0647 \u06a9\u0627\u0646\u0648\u0646\u06cc 24 \u0645\u06cc\u0644\u06cc\u200c\u0645\u062a\u0631 &#8211; \u062f\u0648\u0631\u0628\u06cc\u0646 \u062f\u0648\u0645 12 \u0645\u06af\u0627\u067e\u06cc\u06a9\u0633\u0644 \u0628\u0627 \u062f\u0631\u06cc\u0686\u0647 \u062f\u06cc\u0627\u0641\u0631\u0627\u06af\u0645 f\/2.8\u060c \u0641\u0627\u0635\u0644\u0647 \u06a9\u0627\u0646\u0648\u0646\u06cc 77 \u0645\u06cc\u0644\u06cc\u200c\u0645\u062a\u0631\u060c \u062f\u0648\u0631\u0628\u06cc\u0646 \u0633\u0648\u0645 12 \u0645\u06af\u0627\u067e\u06cc\u06a9\u0633\u0644 \u0628\u0627 \u062f\u0631\u06cc\u0686\u0647 \u062f\u06cc\u0627\u0641\u0631\u0627\u06af\u0645 f\/2.2\u060c \u0641\u0627\u0635\u0644\u0647 \u06a9\u0627\u0646\u0648\u0646\u06cc 13 \u0645\u06cc\u0644\u06cc\u200c\u0645\u062a\u0631<br \/>\n\u0644\u0631\u0632\u0634\u06af\u06cc\u0631 \u062a\u0635\u0648\u06cc\u0631\t\u0644\u0631\u0632\u0634\u06af\u06cc\u0631 sensor-shift OIS<br \/>\n\u0639\u06a9\u0627\u0633\u06cc \u067e\u0627\u0646\u0648\u0631\u0627\u0645\u0627<br \/>\n\u0633\u0631\u0639\u062a \u0641\u06cc\u0644\u0645\u0628\u0631\u062f\u0627\u0631\u06cc\t\u0631\u0632\u0648\u0644\u0648\u0634\u0646 (2160 \u00d7 3840) 4K \u0628\u0627 \u0633\u0631\u0639\u062a 24\/25\/30\/60 \u0641\u0631\u06cc\u0645 \u0628\u0631 \u062b\u0627\u0646\u06cc\u0647\u060c \u0631\u0632\u0648\u0644\u0648\u0634\u0646 (1080 \u00d7 1920) Full HD \u0628\u0627 \u0633\u0631\u0639\u062a240\/ 30\/60\/120 \u0641\u0631\u06cc\u0645 \u0628\u0631 \u062b\u0627\u0646\u06cc\u0647<br \/>\n\u06a9\u06cc\u0641\u06cc\u062a \u0641\u06cc\u0644\u0645\u0628\u0631\u062f\u0627\u0631\u06cc\t(4K (3840\u00d7 2160), Full HD (1920\u00d7 1080), HD (1280\u00d7 720<br \/>\n\u0633\u0627\u06cc\u0631 \u0642\u0627\u0628\u0644\u06cc\u062a \u0647\u0627\u06cc \u062f\u0648\u0631\u0628\u06cc\u0646 \u0627\u0635\u0644\u06cc\t\u062f\u0627\u0631\u0627\u06cc \u0644\u0646\u0632 \u0648\u0627\u06cc\u062f\u060c \u0627\u0648\u0644\u062a\u0631\u0627 \u0648\u0627\u06cc\u062f \u0648 \u062a\u0644\u0647 \u0641\u0648\u062a\u0648 &#8211; \u0642\u0627\u0628\u0644\u06cc\u062a \u062b\u0628\u062a \u0645\u0648\u0642\u0639\u06cc\u062a \u062c\u063a\u0631\u0627\u0641\u06cc\u0627\u06cc\u06cc \u062a\u0635\u0648\u06cc\u0631 &#8211; \u0642\u0627\u0628\u0644\u06cc\u062a \u0632\u0648\u0645 \u0627\u067e\u062a\u06cc\u06a9\u0627\u0644 3 \u0628\u0631\u0627\u0628\u0631\u060c \u062f\u0627\u0631\u0627\u06cc \u0644\u0646\u0632 \u0633\u0646\u062c\u0634 \u0639\u0645\u0642 (TOF 3D LiDAR scanner)\u060c \u062f\u0648\u0631\u0628\u06cc\u0646 \u062f\u0648\u0645 \u062f\u0627\u0631\u0627\u06cc \u0644\u0631\u0632\u0634\u06af\u06cc\u0631 \u0627\u067e\u062a\u06cc\u06a9\u0627\u0644 \u062a\u0635\u0648\u06cc\u0631<br \/>\n\u062f\u0648\u0631\u0628\u06cc\u0646 \u0633\u0644\u0641\u06cc\t\u062f\u0648\u06af\u0627\u0646\u0647 12 \u0645\u06af\u0627\u067e\u06cc\u06a9\u0633\u0644 + SL 3D<br \/>\n\u062f\u06cc\u0627\u0641\u0631\u0627\u06af\u0645\t\u062f\u0631\u06cc\u0686\u0647 \u062f\u06cc\u0627\u0641\u0631\u0627\u06af\u0645 f\/1.9\u060c \u0641\u0627\u0635\u0644\u0647 \u06a9\u0627\u0646\u0648\u0646\u06cc 23 \u0645\u06cc\u0644\u06cc\u200c\u0645\u062a\u0631<br \/>\n\u0633\u0627\u06cc\u0631 \u0642\u0627\u0628\u0644\u06cc\u062a \u0647\u0627\u06cc \u062f\u0648\u0631\u0628\u06cc\u0646 \u0633\u0644\u0641\u06cc\t\u0642\u0627\u0628\u0644\u06cc\u062a \u062a\u0634\u062e\u06cc\u0635 \u0686\u0647\u0631\u0647\u060c \u0639\u06a9\u0627\u0633\u06cc HDR\u060c \u06a9\u06cc\u0641\u06cc\u062a \u0641\u06cc\u0644\u0645\u0628\u0631\u062f\u0627\u0631\u06cc \u0628\u0627 \u0631\u0632\u0648\u0644\u0648\u0634\u0646 (2160 \u00d7 3840) 4K \u0628\u0627 \u0633\u0631\u0639\u062a 24\/25\/30\/60 \u0641\u0631\u06cc\u0645 \u0628\u0631 \u062b\u0627\u0646\u06cc\u0647<br \/>\n\u0635\u0641\u062d\u0647 \u0646\u0645\u0627\u06cc\u0634<\/p>\n<p>\u0635\u0641\u062d\u0647 \u0646\u0645\u0627\u06cc\u0634 \u0644\u0645\u0633\u06cc\t\u062e\u0627\u0632\u0646\u06cc\u060c \u0686\u0646\u062f \u0644\u0645\u0633\u06cc (Multi Touch)<br \/>\n\u0646\u0648\u0639\tLTPO Super Retina XDR OLED<br \/>\n\u0627\u0646\u062f\u0627\u0632\u0647\t6.7 \u0627\u06cc\u0646\u0686<br \/>\n\u0646\u0633\u0628\u062a \u0627\u0628\u0639\u0627\u062f \u0646\u0645\u0627\u06cc\u0634\u06af\u0631\t19.5:9<br \/>\n\u0646\u0633\u0628\u062a \u0635\u0641\u062d\u0647 \u0646\u0645\u0627\u06cc\u0634 \u0628\u0647 \u0628\u062f\u0646\u0647\t88.3 \u062f\u0631\u0635\u062f<br \/>\n\u0631\u0632\u0648\u0644\u0648\u0634\u0646\t(2796 \u00d7 1290) \u067e\u06cc\u06a9\u0633\u0644<br \/>\n\u062a\u0631\u0627\u06a9\u0645 \u067e\u06cc\u06a9\u0633\u0644\u06cc\t460 \u067e\u06cc\u06a9\u0633\u0644 \u062f\u0631 \u0647\u0631 \u0627\u06cc\u0646\u0686<br \/>\n\u062a\u0639\u062f\u0627\u062f \u0631\u0646\u06af\t16 \u0645\u06cc\u0644\u06cc\u0648\u0646 \u0631\u0646\u06af<br \/>\n\u0641\u0646\u0627\u0648\u0631\u06cc \u0645\u062d\u0627\u0641\u0638\u062a \u0627\u0632 \u0635\u0641\u062d\u0647 \u0646\u0645\u0627\u06cc\u0634\t\u0634\u06cc\u0634\u0647 \u0633\u0631\u0627\u0645\u06cc\u06a9\u06cc \u0645\u0642\u0627\u0648\u0645 \u062f\u0631 \u0628\u0631\u0627\u0628\u0631 \u062e\u0631\u0627\u0634 (Scratch-Resistant Glass)\u060c \u067e\u0648\u0634\u0634 \u0636\u062f \u0686\u0631\u0628\u06cc \u0648 \u0627\u062b\u0631 \u0627\u0646\u06af\u0634\u062a (Oleophobic Coating)<br \/>\n\u0633\u0627\u06cc\u0631 \u0642\u0627\u0628\u0644\u06cc\u062a \u0647\u0627\t\u067e\u0634\u062a\u06cc\u0628\u0627\u0646\u06cc \u0627\u0632 \u0627\u0633\u062a\u0627\u0646\u062f\u0627\u0631\u062f HDR10\u060c \u0637\u06cc\u0641 \u06af\u0633\u062a\u0631\u062f\u0647 \u0631\u0646\u06af\u06cc\u060c \u0646\u0631\u062e \u0646\u0648\u0633\u0627\u0632\u06cc 120 \u0647\u0631\u062a\u0632\u060c \u062d\u062f\u0627\u06a9\u062b\u0631 \u0645\u06cc\u0632\u0627\u0646 \u0631\u0648\u0634\u0646\u0627\u06cc\u06cc 2000 \u0646\u06cc\u062a\u060c \u067e\u0634\u062a\u06cc\u0628\u0627\u0646\u06cc \u0627\u0632 Dolby Vision\u060c \u0635\u0641\u062d\u0647 \u200c\u0646\u0645\u0627\u06cc\u0634 \u0628\u0627 \u0637\u06cc\u0641 \u0631\u0646\u06af\u06cc \u06af\u0633\u062a\u0631\u062f\u0647 (Wide color gamut)\u060c \u062a\u0646\u0638\u06cc\u0645 \u062e\u0648\u062f\u06a9\u0627\u0631 \u0631\u0648\u0634\u0646\u0627\u06cc\u06cc \u0635\u0641\u062d\u0647 \u0646\u0645\u0627\u06cc\u0634 \u0628\u0627 \u062a\u0648\u062c\u0647 \u0628\u0647 \u0646\u0648\u0631 \u0645\u062d\u06cc\u0637 (True Tone Display)<br \/>\n\u0628\u062f\u0646\u0647<\/p>\n<p>\u0627\u0628\u0639\u0627\u062f\t7.9 \u00d7 77.6 \u00d7 160.7 \u0645\u06cc\u0644\u06cc\u200c\u0645\u062a\u0631<br \/>\n\u0648\u0632\u0646\t240 \u06af\u0631\u0645<br \/>\n\u062c\u0646\u0633 \u0628\u062f\u0646\u0647\t\u0628\u062f\u0646\u0647 \u067e\u0634\u062a \u0648 \u062c\u0644\u0648 \u0634\u06cc\u0634\u0647 (Gorilla Glass)\u060c \u062f\u0648\u0631 \u0628\u062f\u0646\u0647 \u0627\u0633\u062a\u06cc\u0644 \u0636\u062f \u0632\u0646\u06af<br \/>\n\u0633\u0627\u06cc\u0631 \u0642\u0627\u0628\u0644\u06cc\u062a \u0647\u0627\t\u062f\u0627\u0631\u0627\u06cc \u06af\u0648\u0627\u0647\u06cc\u0646\u0627\u0645\u0647 IP68 (\u0645\u0642\u0627\u0648\u0645\u062a \u062f\u0631 \u0628\u0631\u0627\u0628\u0631 \u063a\u0648\u0637\u0647 \u0648\u0631 \u0634\u062f\u0646 \u062f\u0631 \u0622\u0628 \u0628\u0647 \u0645\u062f\u062a 30 \u062f\u0642\u06cc\u0642\u0647 \u062a\u0627 \u0639\u0645\u0642 6 \u0645\u062a\u0631 \u0648 \u0645\u0642\u0627\u0648\u0645\u062a \u06a9\u0627\u0645\u0644 \u062f\u0631 \u0628\u0631\u0627\u0628\u0631 \u06af\u0631\u062f \u0648 \u063a\u0628\u0627\u0631)<br \/>\n\u0627\u0645\u06a9\u0627\u0646\u0627\u062a \u0646\u0631\u0645 \u0627\u0641\u0632\u0627\u0631\u06cc<\/p>\n<p>\u0633\u06cc\u0633\u062a\u0645 \u0639\u0627\u0645\u0644\tiOS 16<br \/>\n\u067e\u0634\u062a\u06cc\u0628\u0627\u0646\u06cc \u0627\u0632 \u0632\u0628\u0627\u0646 \u0641\u0627\u0631\u0633\u06cc<br \/>\n\u0645\u0646\u0648\u06cc \u0641\u0627\u0631\u0633\u06cc<br \/>\n\u0642\u0627\u0628\u0644\u06cc\u062a \u0647\u0627\u06cc \u0646\u0631\u0645 \u0627\u0641\u0632\u0627\u0631\u06cc\tMMS\u060c \u0627\u06cc\u0645\u06cc\u0644\u060c Push Email \u060ciMessage \u060cSMS\u060c \u0645\u0631\u0648\u0631\u06af\u0631 HTML5 (\u0633\u0627\u0641\u0627\u0631\u06cc &#8211; Safari)\u060c \u0642\u0627\u0628\u0644\u06cc\u062a \u0646\u0645\u0627\u06cc\u0634 \u0627\u0633\u0646\u0627\u062f \u0645\u0627\u06cc\u06a9\u0631\u0648\u0633\u0627\u0641\u062a \u0622\u0641\u06cc\u0633\u060c \u0642\u0627\u0628\u0644\u06cc\u062a \u0646\u0645\u0627\u06cc\u0634 \u0641\u0627\u06cc\u0644 \u0647\u0627\u06cc \u0645\u062a\u0646\u06cc PDF\u060c \u0628\u0631\u0646\u0627\u0645\u0647 \u0648\u06cc\u0631\u0627\u06cc\u0634 \u0639\u06a9\u0633\u060c \u0635\u062f\u0627\u060c \u0641\u06cc\u0644\u0645 \u0648 \u0645\u062a\u0646\u060c \u0642\u0627\u0628\u0644\u06cc\u062a \u0627\u0633\u062a\u0641\u0627\u062f\u0647 \u0627\u0632 \u0633\u0631\u0648\u06cc\u0633 \u0634\u0628\u06a9\u0647 \u0647\u0627\u06cc \u0627\u062c\u062a\u0645\u0627\u0639\u06cc<br \/>\n\u0641\u0631\u0645\u062a \u0647\u0627\u06cc \u067e\u062e\u0634 \u0645\u0648\u0633\u06cc\u0642\u06cc\tAAC\u2011LC, HE\u2011AAC, HE\u2011AAC v2, Protected AAC, MP3, Linear PCM, Apple Lossless, FLAC, Dolby Digital (AC\u20113), Dolby Digital Plus (E\u2011AC\u20113), Dolby Atmos ,AAX+, AAX<br \/>\n\u0641\u0631\u0645\u062a \u0647\u0627\u06cc \u067e\u062e\u0634 \u0648\u06cc\u062f\u0626\u0648\tHEVC, H.264, MPEG\u20114<br \/>\n\u0627\u0631\u062a\u0628\u0627\u0637\u0627\u062a<\/p>\n<p>\u0634\u0628\u06a9\u0647 \u0647\u0627\u06cc \u0627\u0631\u062a\u0628\u0627\u0637\u06cc\t2G, 3G, 4G, 5G<br \/>\n\u0634\u0628\u06a9\u0647 2G\tGSM 850 \/ 900 \/ 1800 \/ 1900 (\u0628\u0631\u0627\u06cc \u0647\u0631 \u062f\u0648 \u0633\u06cc\u0645\u200c\u06a9\u0627\u0631\u062a)<br \/>\n\u0634\u0628\u06a9\u0647 3G\tHSDPA 850 \/ 900 \/ 1700(AWS) \/ 1900 \/ 2100<br \/>\n\u0634\u0628\u06a9\u0647 4G\tLTE Band 1(2100), 2(1900), 3(1800), 4(1700\/2100), 5(850), 7(2600), 8(900), 12(700), 13(700), 17(700), 18(800), 19(800), 20(800), 25(1900), 26(850), 28(700), 32(1500), 38(2600), 39(1900), 40(2300), 41(2500), 66(1700\/2100)<br \/>\n\u0633\u0631\u0639\u062a \u0634\u0628\u06a9\u0647\tHSPA \u0628\u0627 \u0633\u0631\u0639\u062a \u062f\u0627\u0646\u0644\u0648\u062f 42.2 \u0645\u06af\u0627\u0628\u06cc\u062a \u0628\u0631 \u062b\u0627\u0646\u06cc\u0647 \u0648 \u0622\u067e\u0644\u0648\u062f 5.76 \u0645\u06af\u0627\u0628\u06cc\u062a \u0628\u0631 \u062b\u0627\u0646\u06cc\u0647 &#8211; 5G &#8211; LTE-A<br \/>\n\u0641\u0646\u0627\u0648\u0631\u06cc \u0647\u0627\u06cc \u0627\u0631\u062a\u0628\u0627\u0637\u06cc\t\u0628\u0644\u0648\u062a\u0648\u062b\u060c WiFi \u060cNFC<br \/>\nWi-Fi\tWi-Fi 802.11 a\/b\/g\/n\/ac\/6, dual-band, hotspot<br \/>\n\u0628\u0644\u0648\u062a\u0648\u062b\t\u0646\u0633\u062e\u0647 5.0\u060c A2DP \u060cLE<br \/>\n\u0631\u0627\u062f\u06cc\u0648<br \/>\n\u0641\u0646\u0627\u0648\u0631\u06cc \u0645\u06a9\u0627\u0646 \u06cc\u0627\u0628\u06cc\tGPS, A-GPS, GLONASS, GALILEO, BDS, QZSS<br \/>\n\u062f\u0631\u06af\u0627\u0647 \u0627\u0631\u062a\u0628\u0627\u0637\u06cc\t\u062f\u0631\u06af\u0627\u0647 Lightning\u060c \u0627\u0633\u062a\u0627\u0646\u062f\u0627\u0631\u062f USB 2.0<br \/>\n\u0635\u062f\u0627<\/p>\n<p>\u0628\u0644\u0646\u062f\u06af\u0648\t\u0627\u0633\u062a\u0631\u06cc\u0648<br \/>\n\u062e\u0631\u0648\u062c\u06cc \u0635\u062f\u0627\t\u067e\u0648\u0631\u062a \u0644\u0627\u06cc\u062a\u0646\u06cc\u0646\u06af (Lightning)<br \/>\n\u062c\u06a9 3.5 \u0645\u06cc\u0644\u06cc\u0645\u062a\u0631\u06cc \u0635\u062f\u0627<br \/>\n\u0628\u0627\u062a\u0631\u06cc<\/p>\n<p>\u0628\u0627\u062a\u0631\u06cc \u0642\u0627\u0628\u0644 \u062a\u0639\u0648\u06cc\u0636<br \/>\n\u0633\u0627\u06cc\u0631 \u0645\u0634\u062e\u0635\u0627\u062a<\/p>\n<p>\u062d\u0633\u06af\u0631\u0647\u0627\t\u062a\u0634\u062e\u06cc\u0635 \u0686\u0647\u0631\u0647 (Face ID)\u060c \u0634\u062a\u0627\u0628 \u0633\u0646\u062c (Accelerometer)\u060c \u0698\u06cc\u0631\u0648\u0633\u06a9\u0648\u067e (Gyroscope)\u060c \u0645\u062c\u0627\u0648\u0631\u062a (Proximity)\u060c \u0641\u0634\u0627\u0631\u0633\u0646\u062c (Barometer)\u060c \u0642\u0637\u0628 \u0646\u0645\u0627 (Compass)<br \/>\n\u0627\u0642\u0644\u0627\u0645 \u0647\u0645\u0631\u0627\u0647 \u06af\u0648\u0634\u06cc\t\u062f\u0641\u062a\u0631\u0686\u0647\u200c \u0631\u0627\u0647\u0646\u0645\u0627\u060c \u06a9\u0627\u0628\u0644 \u0644\u0627\u06cc\u062a\u0646\u06cc\u0646\u06af<br \/>\n\u0633\u0627\u06cc\u0631 \u0642\u0627\u0628\u0644\u06cc\u062a \u0647\u0627\t\u0642\u0627\u0628\u0644\u06cc\u062a \u0634\u0627\u0631\u0698 \u0628\u06cc \u0633\u06cc\u0645 15 \u0648\u0627\u062a\u06cc (Qi Wireless Charging 15W)\u060c \u0633\u0627\u0632\u06af\u0627\u0631 \u0628\u0627 \u0641\u0646\u0627\u0648\u0631\u06cc (USB Power Delivery 2.0)<\/p>\n","protected":false},"excerpt":{"rendered":"<p>purple<br \/>\nZAA<br \/>\nNot active<br \/>\n>>>>\u0628\u062f\u0648\u0646 \u0631\u062c\u06cc\u0633\u062a\u0631<<<\n<\/p>\n","protected":false},"featured_media":1228,"comment_status":"open","ping_status":"closed","template":"","meta":[],"product_cat":[99,102],"product_tag":[88,93],"class_list":{"0":"post-1224","1":"product","2":"type-product","3":"status-publish","4":"has-post-thumbnail","6":"product_cat-99","7":"product_cat-102","8":"product_tag-apple","9":"product_tag-iphone","11":"first","12":"outofstock","13":"taxable","14":"shipping-taxable","15":"purchasable","16":"product-type-simple"},"_links":{"self":[{"href":"https:\/\/fixq.ir\/index.php?rest_route=\/wp\/v2\/product\/1224","targetHints":{"allow":["GET"]}}],"collection":[{"href":"https:\/\/fixq.ir\/index.php?rest_route=\/wp\/v2\/product"}],"about":[{"href":"https:\/\/fixq.ir\/index.php?rest_route=\/wp\/v2\/types\/product"}],"replies":[{"embeddable":true,"href":"https:\/\/fixq.ir\/index.php?rest_route=%2Fwp%2Fv2%2Fcomments&post=1224"}],"wp:featuredmedia":[{"embeddable":true,"href":"https:\/\/fixq.ir\/index.php?rest_route=\/wp\/v2\/media\/1228"}],"wp:attachment":[{"href":"https:\/\/fixq.ir\/index.php?rest_route=%2Fwp%2Fv2%2Fmedia&parent=1224"}],"wp:term":[{"taxonomy":"product_cat","embeddable":true,"href":"https:\/\/fixq.ir\/index.php?rest_route=%2Fwp%2Fv2%2Fproduct_cat&post=1224"},{"taxonomy":"product_tag","embeddable":true,"href":"https:\/\/fixq.ir\/index.php?rest_route=%2Fwp%2Fv2%2Fproduct_tag&post=1224"}],"curies":[{"name":"wp","href":"https:\/\/api.w.org\/{rel}","templated":true}]}}